{"id":104,"date":"2022-07-18T18:09:39","date_gmt":"2022-07-18T16:09:39","guid":{"rendered":"http:\/\/www.communeidee.fr\/?page_id=104"},"modified":"2023-03-24T15:39:56","modified_gmt":"2023-03-24T14:39:56","slug":"accueil","status":"publish","type":"page","link":"https:\/\/www.communeidee.fr\/","title":{"rendered":"Bienvenue sur le site du collectif commune id\u00e9e"},"content":{"rendered":"\n<p class=\"has-text-color has-medium-font-size\" style=\"color:#35afcd\"><strong>Le site est en construction, merci de votre compr\u00e9hension !<\/strong><\/p>\n\n\n\n<p class=\"has-black-color has-text-color has-medium-font-size\">Fond\u00e9 en 2015 \u00e0 Rouen (Seine-Maritime), ce collectif artistique<br>se d\u00e9finit comme d\u00e9sireux de questionner la soci\u00e9t\u00e9 dans laquelle il \u00e9volue<br>et ce, avec TOUTES les personnes qui la compose.<br>Cr\u00e9e et dirig\u00e9 dans ses grandes lignes par H\u00e9l\u00e8ne Cabot (Com\u00e9dienne et Metteure en sc\u00e8ne),<br>Commune id\u00e9e se veut une compagnie f\u00e9d\u00e9ratrice et n\u2019envisage les r\u00e9flexions et actions que<br>collectivement men\u00e9es et partag\u00e9es.<br>Au travers de son activit\u00e9, le collectif tente d&rsquo;\u00eatre en perp\u00e9tuelles interrogations quant \u00e0<br>\u2013 la place de l\u2019artiste et des personnes qui l&rsquo;entourent dans la soci\u00e9t\u00e9,<br>\u2013 les enjeux de la cr\u00e9ation artistique aujourd\u2019hui<br>\u2013 les enjeux artistiques qui d\u00e9finissent actuellement<br>l\u2019accessibilit\u00e9 des spectacles aux personnes en situation de handicap.<br>Vous trouverez sur le site l\u2019essentiel de notre actualit\u00e9 (cr\u00e9ations, actions, etc),<br>l&rsquo;ensemble de notre univers artistique et bien s\u00fbr les moyens de nous contacter!<\/p>\n\n\n\n<p><br>Merci de votre visite et \u00e0 tr\u00e8s vite !<\/p>\n\n\n\n<p class=\"has-text-color has-medium-font-size\" style=\"color:#35afcd\"><br><strong>Le collectif<\/strong><\/p>\n","protected":false},"excerpt":{"rendered":"<p>Le site est en construction, merci de votre compr\u00e9hension ! Fond\u00e9 en 2015 \u00e0 Rouen (Seine-Maritime), ce collectif artistiquese d\u00e9finit comme d\u00e9sireux de questionner la soci\u00e9t\u00e9 dans laquelle il \u00e9volueet ce, avec TOUTES les personnes qui la compose.Cr\u00e9e et dirig\u00e9 dans ses grandes lignes par H\u00e9l\u00e8ne Cabot (Com\u00e9dienne et Metteure en sc\u00e8ne),Commune id\u00e9e se veut&hellip; <a class=\"more-link\" href=\"https:\/\/www.communeidee.fr\/\">Continue reading &rarr;<\/a><\/p>\n","protected":false},"author":1,"featured_media":0,"parent":0,"menu_order":0,"comment_status":"closed","ping_status":"closed","template":"","meta":{"footnotes":""},"class_list":["post-104","page","type-page","status-publish","hentry"],"_links":{"self":[{"href":"https:\/\/www.communeidee.fr\/index.php?rest_route=\/wp\/v2\/pages\/104","targetHints":{"allow":["GET"]}}],"collection":[{"href":"https:\/\/www.communeidee.fr\/index.php?rest_route=\/wp\/v2\/pages"}],"about":[{"href":"https:\/\/www.communeidee.fr\/index.php?rest_route=\/wp\/v2\/types\/page"}],"author":[{"embeddable":true,"href":"https:\/\/www.communeidee.fr\/index.php?rest_route=\/wp\/v2\/users\/1"}],"replies":[{"embeddable":true,"href":"https:\/\/www.communeidee.fr\/index.php?rest_route=%2Fwp%2Fv2%2Fcomments&post=104"}],"version-history":[{"count":5,"href":"https:\/\/www.communeidee.fr\/index.php?rest_route=\/wp\/v2\/pages\/104\/revisions"}],"predecessor-version":[{"id":167,"href":"https:\/\/www.communeidee.fr\/index.php?rest_route=\/wp\/v2\/pages\/104\/revisions\/167"}],"wp:attachment":[{"href":"https:\/\/www.communeidee.fr\/index.php?rest_route=%2Fwp%2Fv2%2Fmedia&parent=104"}],"curies":[{"name":"wp","href":"https:\/\/api.w.org\/{rel}","templated":true}]}}